
{"id":634,"date":"2021-05-31T19:29:25","date_gmt":"2021-05-31T19:29:25","guid":{"rendered":"https:\/\/1.7ports.com.br\/?page_id=634"},"modified":"2024-11-20T16:42:54","modified_gmt":"2024-11-20T19:42:54","slug":"seven-ports","status":"publish","type":"page","link":"https:\/\/1.7ports.com.br\/","title":{"rendered":"7 PRESS"},"content":{"rendered":"\n<h4 class=\"wp-block-heading has-text-align-center has-vivid-red-color has-text-color\">TV &#8211; R\u00e1dio &#8211; Chats &#8211; V\u00eddeos &#8211; E-mails &#8211; Revista &#8211; Celular &#8211; Drive &#8211; Conex\u00f5es<\/h4>\n\n\n\n<div class=\"wp-block-cover aligncenter is-light\"><span aria-hidden=\"true\" class=\"wp-block-cover__background has-background-dim\"><\/span><img decoding=\"async\" loading=\"lazy\" width=\"722\" height=\"477\" class=\"wp-block-cover__image-background wp-image-430\" alt=\"\" src=\"https:\/\/1.7ports.com.br\/wp-content\/uploads\/2021\/05\/Maos-01.png\" data-object-fit=\"cover\" srcset=\"https:\/\/1.7ports.com.br\/wp-content\/uploads\/2021\/05\/Maos-01.png 722w, https:\/\/1.7ports.com.br\/wp-content\/uploads\/2021\/05\/Maos-01-600x396.png 600w, https:\/\/1.7ports.com.br\/wp-content\/uploads\/2021\/05\/Maos-01-300x198.png 300w\" sizes=\"(max-width: 722px) 100vw, 722px\" \/><div class=\"wp-block-cover__inner-container\">\n<p><\/p>\n\n\n\n<p><\/p>\n\n\n\n<p><\/p>\n\n\n\n<p><\/p>\n\n\n\n<p><\/p>\n\n\n\n<h6 class=\"wp-block-heading has-text-align-center has-luminous-vivid-amber-color has-text-color has-huge-font-size\">O mundo em suas m\u00e3os!<\/h6>\n<\/div><\/div>\n\n\n\n<p>Somos uma plataforma Global de Prospec\u00e7\u00e3o do Conhecimento, materializando-se virtualmente e fisicamente atrav\u00e9s de uma rede lojas (portos digitais). Este conceito inovador, dedica-se a Ultima Milha (Last-Mile) e apresenta todas as op\u00e7\u00f5es: digitais, virtuais e f\u00edsicas. Seja um usu\u00e1rio inteiramente de forma gratuita e venha para um mundo novo de conhecimentos e oportunidades infinitas.<\/p>\n\n\n\n<p>Sejam Bem Vindos<\/p>\n\n\n\n<div class=\"wp-block-buttons is-layout-flex\">\n<div class=\"wp-block-button\"><a class=\"wp-block-button__link wp-element-button\">Twitter<\/a><\/div>\n\n\n\n<div class=\"wp-block-button\"><a class=\"wp-block-button__link wp-element-button\">You Tube<\/a><\/div>\n\n\n\n<div class=\"wp-block-button\"><a class=\"wp-block-button__link wp-element-button\">Linke din<\/a><\/div>\n\n\n\n<div class=\"wp-block-button\"><a class=\"wp-block-button__link wp-element-button\">Gmail<\/a><\/div>\n\n\n\n<div class=\"wp-block-button\"><a class=\"wp-block-button__link wp-element-button\">Google<\/a><\/div>\n\n\n\n<div class=\"wp-block-button\"><a class=\"wp-block-button__link wp-element-button\">Perintest<\/a><\/div>\n\n\n\n<div class=\"wp-block-button\"><a class=\"wp-block-button__link wp-element-button\">Whatsap<\/a><\/div>\n\n\n\n<div class=\"wp-block-button\"><a class=\"wp-block-button__link wp-element-button\">7 Ports<\/a><\/div>\n\n\n\n<div class=\"wp-block-button\"><a class=\"wp-block-button__link wp-element-button\" href=\"http:\/\/www.7coin.net\">7 Coin<\/a><\/div>\n\n\n\n<div class=\"wp-block-button\"><a class=\"wp-block-button__link wp-element-button\">7 Com<\/a><\/div>\n\n\n\n<div class=\"wp-block-button\"><a class=\"wp-block-button__link wp-element-button\">7 Data<\/a><\/div>\n\n\n\n<div class=\"wp-block-button\"><a class=\"wp-block-button__link wp-element-button\">Hotmail<\/a><\/div>\n\n\n\n<div class=\"wp-block-button\"><a class=\"wp-block-button__link wp-element-button\">Tean Viwel<\/a><\/div>\n\n\n\n<div class=\"wp-block-button\"><a class=\"wp-block-button__link wp-element-button\">Faceboock<\/a><\/div>\n\n\n\n<div class=\"wp-block-button\"><a class=\"wp-block-button__link wp-element-button\">instagran<\/a><\/div>\n\n\n\n<div class=\"wp-block-button\"><a class=\"wp-block-button__link wp-element-button\">Skip<\/a><\/div>\n\n\n\n<div class=\"wp-block-button\"><a class=\"wp-block-button__link wp-element-button\">Tik Tok<\/a><\/div>\n\n\n\n<div class=\"wp-block-button\"><a class=\"wp-block-button__link wp-element-button\">Vimeo<\/a><\/div>\n\n\n\n<div class=\"wp-block-button\"><a class=\"wp-block-button__link wp-element-button\">wikpedia<\/a><\/div>\n\n\n\n<div class=\"wp-block-button\"><a class=\"wp-block-button__link wp-element-button\">Globo.Play<\/a><\/div>\n\n\n\n<div class=\"wp-block-button\"><a class=\"wp-block-button__link wp-element-button\">Netflix<\/a><\/div>\n\n\n\n<div class=\"wp-block-button\"><a class=\"wp-block-button__link wp-element-button\">Iptv<\/a><\/div>\n\n\n\n<div class=\"wp-block-button\"><a class=\"wp-block-button__link wp-element-button\">Games<\/a><\/div>\n\n\n\n<div class=\"wp-block-button\"><a class=\"wp-block-button__link wp-element-button\">CNN<\/a><\/div>\n\n\n\n<div class=\"wp-block-button\"><a class=\"wp-block-button__link wp-element-button\">Reuters<\/a><\/div>\n\n\n\n<div class=\"wp-block-button\"><a class=\"wp-block-button__link wp-element-button\">BBC<\/a><\/div>\n\n\n\n<div class=\"wp-block-button\"><a class=\"wp-block-button__link wp-element-button\">A Folha<\/a><\/div>\n\n\n\n<div class=\"wp-block-button\"><a class=\"wp-block-button__link wp-element-button\">Al Jazeera<\/a><\/div>\n\n\n\n<div class=\"wp-block-button\"><a class=\"wp-block-button__link wp-element-button\">AFP<\/a><\/div>\n\n\n\n<div class=\"wp-block-button\"><a class=\"wp-block-button__link wp-element-button\">7SP<\/a><\/div>\n\n\n\n<div class=\"wp-block-button\"><a class=\"wp-block-button__link wp-element-button\">Times<\/a><\/div>\n\n\n\n<div class=\"wp-block-button\"><a class=\"wp-block-button__link wp-element-button\">Independence<\/a><\/div>\n\n\n\n<div class=\"wp-block-button\"><a class=\"wp-block-button__link wp-element-button\">Pravda<\/a><\/div>\n\n\n\n<div class=\"wp-block-button\"><a class=\"wp-block-button__link wp-element-button\">Pequin<\/a><\/div>\n<\/div>\n\n\n\n<p><\/p>\n","protected":false},"excerpt":{"rendered":"<p>TV &#8211; R\u00e1dio &#8211; Chats &#8211; V\u00eddeos &#8211; E-mails &#8211; Revista &#8211; Celular &#8211; Drive &#8211; Conex\u00f5es Somos uma plataforma Global de Prospec\u00e7\u00e3o do Conhecimento, materializando-se virtualmente e fisicamente atrav\u00e9s &hellip; <a href=\"https:\/\/1.7ports.com.br\/\" class=\"more-link\">Read More<\/a><\/p>\n","protected":false},"author":1,"featured_media":0,"parent":0,"menu_order":2,"comment_status":"closed","ping_status":"closed","template":"template-frontpage.php","meta":[],"_links":{"self":[{"href":"https:\/\/1.7ports.com.br\/index.php?rest_route=\/wp\/v2\/pages\/634"}],"collection":[{"href":"https:\/\/1.7ports.com.br\/index.php?rest_route=\/wp\/v2\/pages"}],"about":[{"href":"https:\/\/1.7ports.com.br\/index.php?rest_route=\/wp\/v2\/types\/page"}],"author":[{"embeddable":true,"href":"https:\/\/1.7ports.com.br\/index.php?rest_route=\/wp\/v2\/users\/1"}],"replies":[{"embeddable":true,"href":"https:\/\/1.7ports.com.br\/index.php?rest_route=%2Fwp%2Fv2%2Fcomments&post=634"}],"version-history":[{"count":35,"href":"https:\/\/1.7ports.com.br\/index.php?rest_route=\/wp\/v2\/pages\/634\/revisions"}],"predecessor-version":[{"id":8985,"href":"https:\/\/1.7ports.com.br\/index.php?rest_route=\/wp\/v2\/pages\/634\/revisions\/8985"}],"wp:attachment":[{"href":"https:\/\/1.7ports.com.br\/index.php?rest_route=%2Fwp%2Fv2%2Fmedia&parent=634"}],"curies":[{"name":"wp","href":"https:\/\/api.w.org\/{rel}","templated":true}]}}